{"id":1840,"date":"2023-07-20T09:20:49","date_gmt":"2023-07-20T07:20:49","guid":{"rendered":"http:\/\/dcmfilms.com\/accesibilidad\/"},"modified":"2023-09-26T11:57:00","modified_gmt":"2023-09-26T09:57:00","slug":"accesibilidad","status":"publish","type":"page","link":"https:\/\/dcmfilms.com\/ca\/accesibilidad\/","title":{"rendered":"Accessibilitat"},"content":{"rendered":"<p>[et_pb_section fb_built=&#8221;1&#8243; _builder_version=&#8221;4.21.0&#8243; _module_preset=&#8221;default&#8221; global_colors_info=&#8221;{}&#8221;][et_pb_row _builder_version=&#8221;4.21.0&#8243; _module_preset=&#8221;default&#8221; global_colors_info=&#8221;{}&#8221;][et_pb_column type=&#8221;4_4&#8243; _builder_version=&#8221;4.21.0&#8243; _module_preset=&#8221;default&#8221; global_colors_info=&#8221;{}&#8221;][et_pb_text _builder_version=&#8221;4.21.0&#8243; _module_preset=&#8221;default&#8221; hover_enabled=&#8221;0&#8243; global_colors_info=&#8221;{}&#8221; header_4_text_color=&#8221;#00587C&#8221; sticky_enabled=&#8221;0&#8243;]<\/p>\n<div class=\"et_pb_module et_pb_text et_pb_text_0 et_pb_text_align_center et_pb_bg_layout_light\">\n<div class=\"et_pb_text_inner\">\n<h4>LLEI DELS SERVEIS DE LA SOCIETAT DE LA INFORMACI\u00d3 (LSSI)<\/h4>\n<\/div>\n<\/div>\n<div class=\"et_pb_module et_pb_text et_pb_text_1 et_pb_text_align_left et_pb_bg_layout_light\">\n<div class=\"et_pb_text_inner\">\n<p>Idearium 3.0 SL s&#8217;ha comprom\u00e8s a fer accessible aquest web de conformitat amb el Reial decret 1112\/2018, de 7 de setembre, sobre accessibilitat dels llocs web i aplicacions de dispositius m\u00f2bils.<\/p>\n<p>&nbsp;<\/p>\n<p><strong>SITUACI\u00d3 DE COMPLIMENT<\/strong><\/p>\n<p>Aquest lloc web \u00e9s parcialment accessible d&#8217;acord amb el RD 1112\/2018 de 7 de setembre, degut a les excepcions ia la manca de conformitat dels aspectes que s&#8217;indiquen a continuaci\u00f3.<\/p>\n<p>&nbsp;<\/p>\n<p><strong>CONTINGUT ACCESSIBLE<\/strong><\/p>\n<p>Totes les p\u00e0gines d\u00b4aquesta web s\u00f3n accessibles<\/p>\n<p>&nbsp;<\/p>\n<p><strong>PREPARACI\u00d3 DE LA PRESENT DECLARACI\u00d3 D&#8217;ACCESSIBILITAT<\/strong><\/p>\n<p>Aquesta declaraci\u00f3 va ser preparada el 20 de juliol de 2023.<\/p>\n<p>El m\u00e8tode emprat per preparar la declaraci\u00f3 ha estat una autoavaluaci\u00f3 duta a terme pel mateix organisme.<\/p>\n<p>\u00daltima revisi\u00f3 de la declaraci\u00f3: 20 de juliol de 2023.<\/p>\n<p>&nbsp;<\/p>\n<p><strong>OBSERVACIONS I DADES DE CONTACTE<\/strong><\/p>\n<p>Podeu realitzar comunicacions sobre requisits d&#8217;accessibilitat (article 10.2.a) del Reial decret 1112\/2018, de 7 de setembre) com, per exemple:<\/p>\n<ul>\n<li>Informar sobre qualsevol possible incompliment per part daquest lloc web.<\/li>\n<li>Transmetre altres dificultats dacc\u00e9s al contingut.<\/li>\n<li>Formular qualsevol altra consulta o suggeriment de millora relativa a laccessibilitat del lloc web.<\/li>\n<\/ul>\n<p><span>A trav\u00e9s de les vies seg\u00fcents:<\/span><\/p>\n<ul>\n<li><a href=\"http:\/\/dcmfilms.com\/ca\/contacto\/\" role=\"link\">Formulari de contacte de la web<\/a><\/li>\n<\/ul>\n<\/div>\n<\/div>\n<p>[\/et_pb_text][\/et_pb_column][\/et_pb_row][\/et_pb_section]<\/p>\n","protected":false},"excerpt":{"rendered":"<p>LLEI DELS SERVEIS DE LA SOCIETAT DE LA INFORMACI\u00d3 (LSSI) Idearium 3.0 SL s&#8217;ha comprom\u00e8s a fer accessible aquest web de conformitat amb el Reial decret 1112\/2018, de 7 de setembre, sobre accessibilitat dels llocs web i aplicacions de dispositius m\u00f2bils. &nbsp; SITUACI\u00d3 DE COMPLIMENT Aquest lloc web \u00e9s parcialment accessible d&#8217;acord amb el RD [&hellip;]<\/p>\n","protected":false},"author":1,"featured_media":0,"parent":0,"menu_order":0,"comment_status":"closed","ping_status":"closed","template":"","meta":{"_et_pb_use_builder":"on","_et_pb_old_content":"","_et_gb_content_width":"","footnotes":""},"class_list":["post-1840","page","type-page","status-publish","hentry"],"_links":{"self":[{"href":"https:\/\/dcmfilms.com\/ca\/wp-json\/wp\/v2\/pages\/1840","targetHints":{"allow":["GET"]}}],"collection":[{"href":"https:\/\/dcmfilms.com\/ca\/wp-json\/wp\/v2\/pages"}],"about":[{"href":"https:\/\/dcmfilms.com\/ca\/wp-json\/wp\/v2\/types\/page"}],"author":[{"embeddable":true,"href":"https:\/\/dcmfilms.com\/ca\/wp-json\/wp\/v2\/users\/1"}],"replies":[{"embeddable":true,"href":"https:\/\/dcmfilms.com\/ca\/wp-json\/wp\/v2\/comments?post=1840"}],"version-history":[{"count":9,"href":"https:\/\/dcmfilms.com\/ca\/wp-json\/wp\/v2\/pages\/1840\/revisions"}],"predecessor-version":[{"id":2202,"href":"https:\/\/dcmfilms.com\/ca\/wp-json\/wp\/v2\/pages\/1840\/revisions\/2202"}],"wp:attachment":[{"href":"https:\/\/dcmfilms.com\/ca\/wp-json\/wp\/v2\/media?parent=1840"}],"curies":[{"name":"wp","href":"https:\/\/api.w.org\/{rel}","templated":true}]}}