{"id":1364,"date":"2023-07-17T13:05:40","date_gmt":"2023-07-17T11:05:40","guid":{"rendered":"http:\/\/dcmfilms.com\/producto\/filmlaser\/"},"modified":"2023-07-17T13:05:40","modified_gmt":"2023-07-17T11:05:40","slug":"filmlaser","status":"publish","type":"product","link":"https:\/\/dcmfilms.com\/ca\/producto\/filmlaser\/","title":{"rendered":"FilmLaser"},"content":{"rendered":"<p><strong>Millora les prestacions dels teus embalatges amb FilmLaser<\/strong><\/p>\n<p><span style=\"font-weight: 400;\">Les pel\u00b7l\u00edcules tractades amb l\u00e0ser augmenten la vida \u00fatil del producte, faciliten les obertures i permeten la cocci\u00f3 al forn i al microones.<\/span><\/p>\n","protected":false},"excerpt":{"rendered":"<div class=\"page\" title=\"Page 2\">\n<div class=\"section\">\n<div class=\"layoutArea\">\n<div class=\"column\">\n<p><strong>Perforaci\u00f3 i tall l\u00e0ser en films flexibles<\/strong><\/p>\n<\/div>\n<\/div>\n<\/div>\n<\/div>\n","protected":false},"featured_media":582,"comment_status":"open","ping_status":"closed","template":"","meta":{"_et_pb_use_builder":"on","_et_pb_old_content":"<strong>Millora les prestacions dels teus embalatges amb FilmLaser<\/strong>\n\n<span style=\"font-weight: 400;\">Les pel\u00b7l\u00edcules tractades amb l\u00e0ser augmenten la vida \u00fatil del producte, faciliten les obertures i permeten la cocci\u00f3 al forn i al microones.<\/span>","_et_gb_content_width":""},"product_cat":[45],"product_tag":[],"class_list":["post-1364","product","type-product","status-publish","has-post-thumbnail","hentry","product_cat-sense-categoritzar"],"_links":{"self":[{"href":"https:\/\/dcmfilms.com\/ca\/wp-json\/wp\/v2\/product\/1364","targetHints":{"allow":["GET"]}}],"collection":[{"href":"https:\/\/dcmfilms.com\/ca\/wp-json\/wp\/v2\/product"}],"about":[{"href":"https:\/\/dcmfilms.com\/ca\/wp-json\/wp\/v2\/types\/product"}],"replies":[{"embeddable":true,"href":"https:\/\/dcmfilms.com\/ca\/wp-json\/wp\/v2\/comments?post=1364"}],"wp:featuredmedia":[{"embeddable":true,"href":"https:\/\/dcmfilms.com\/ca\/wp-json\/wp\/v2\/media\/582"}],"wp:attachment":[{"href":"https:\/\/dcmfilms.com\/ca\/wp-json\/wp\/v2\/media?parent=1364"}],"wp:term":[{"taxonomy":"product_cat","embeddable":true,"href":"https:\/\/dcmfilms.com\/ca\/wp-json\/wp\/v2\/product_cat?post=1364"},{"taxonomy":"product_tag","embeddable":true,"href":"https:\/\/dcmfilms.com\/ca\/wp-json\/wp\/v2\/product_tag?post=1364"}],"curies":[{"name":"wp","href":"https:\/\/api.w.org\/{rel}","templated":true}]}}