{"id":1260,"date":"2023-07-20T09:20:49","date_gmt":"2023-07-20T07:20:49","guid":{"rendered":"http:\/\/dcmfilms.com\/accessibilite\/"},"modified":"2023-09-26T11:57:00","modified_gmt":"2023-09-26T09:57:00","slug":"accessibilite","status":"publish","type":"page","link":"https:\/\/dcmfilms.com\/fr\/accessibilite\/","title":{"rendered":"Accessibilit\u00e9"},"content":{"rendered":"<p>[et_pb_section fb_built=&#8221;1&#8243; _builder_version=&#8221;4.21.0&#8243; _module_preset=&#8221;default&#8221; global_colors_info=&#8221;{}&#8221;][et_pb_row _builder_version=&#8221;4.21.0&#8243; _module_preset=&#8221;default&#8221; global_colors_info=&#8221;{}&#8221;][et_pb_column type=&#8221;4_4&#8243; _builder_version=&#8221;4.21.0&#8243; _module_preset=&#8221;default&#8221; global_colors_info=&#8221;{}&#8221;][et_pb_text _builder_version=&#8221;4.21.0&#8243; _module_preset=&#8221;default&#8221; hover_enabled=&#8221;0&#8243; global_colors_info=&#8221;{}&#8221; header_4_text_color=&#8221;#00587C&#8221; sticky_enabled=&#8221;0&#8243;]<\/p>\n<div class=\"et_pb_module et_pb_text et_pb_text_0 et_pb_text_align_center et_pb_bg_layout_light\">\n<div class=\"et_pb_text_inner\">\n<h4>LOI SUR LES SERVICES DE LA SOCI\u00c9T\u00c9 DE L&#8217;INFORMATION (LSSI)<\/h4>\n<\/div>\n<\/div>\n<div class=\"et_pb_module et_pb_text et_pb_text_1 et_pb_text_align_left et_pb_bg_layout_light\">\n<div class=\"et_pb_text_inner\">\n<p>Idearium 3.0 S.L s&#8217;engage \u00e0 rendre ce site web accessible conform\u00e9ment au d\u00e9cret royal 1112\/2018, du 7 septembre, sur l&#8217;accessibilit\u00e9 des sites web et des applications pour les appareils mobiles.<\/p>\n<p>&nbsp;<\/p>\n<p><strong>\u00c9TAT DE CONFORMIT\u00c9<\/strong><\/p>\n<p>Ce site web est partiellement accessible conform\u00e9ment au RD 1112\/2018 du 7 septembre, en raison des exceptions et de la non-conformit\u00e9 des aspects \u00e9num\u00e9r\u00e9s ci-dessous.<\/p>\n<p>&nbsp;<\/p>\n<p><strong>CONTENU ACCESSIBLE<\/strong><\/p>\n<p>Toutes les pages de ce site sont accessibles<\/p>\n<p>&nbsp;<\/p>\n<p><strong>PR\u00c9PARATION DE LA PR\u00c9SENTE D\u00c9CLARATION D&#8217;ACCESSIBILIT\u00c9<\/strong><\/p>\n<p>Cette d\u00e9claration a \u00e9t\u00e9 pr\u00e9par\u00e9e le 20 juillet 2023.<\/p>\n<p>La m\u00e9thode utilis\u00e9e pour pr\u00e9parer la d\u00e9claration est une auto-\u00e9valuation r\u00e9alis\u00e9e par l&#8217;agence elle-m\u00eame.<\/p>\n<p>Derni\u00e8re r\u00e9vision de la d\u00e9claration : 20 juillet 2023.<\/p>\n<p>&nbsp;<\/p>\n<p><strong>REMARQUES ET COORDONN\u00c9ES<\/strong><\/p>\n<p>Vous pouvez faire des communications sur les exigences d&#8217;accessibilit\u00e9 (article 10.2.a) du d\u00e9cret royal 1112\/2018, du 7 septembre) comme, par exemple :<\/p>\n<ul>\n<li>Pour signaler tout manquement \u00e9ventuel \u00e0 la r\u00e9glementation de ce site web.<\/li>\n<li>Transmettre d&#8217;autres difficult\u00e9s d&#8217;acc\u00e8s au contenu.<\/li>\n<li>de formuler toute autre demande ou suggestion d&#8217;am\u00e9lioration concernant l&#8217;accessibilit\u00e9 du site web.<\/li>\n<\/ul>\n<p><span>Par les canaux suivants :<\/span><\/p>\n<ul>\n<li><a href=\"http:\/\/dcmfilms.com\/fr\/contact\/\" role=\"link\">Formulaire de contact du site web<\/a><\/li>\n<\/ul>\n<\/div>\n<\/div>\n<p>[\/et_pb_text][\/et_pb_column][\/et_pb_row][\/et_pb_section]<\/p>\n","protected":false},"excerpt":{"rendered":"<p>LOI SUR LES SERVICES DE LA SOCI\u00c9T\u00c9 DE L&#8217;INFORMATION (LSSI) Idearium 3.0 S.L s&#8217;engage \u00e0 rendre ce site web accessible conform\u00e9ment au d\u00e9cret royal 1112\/2018, du 7 septembre, sur l&#8217;accessibilit\u00e9 des sites web et des applications pour les appareils mobiles. &nbsp; \u00c9TAT DE CONFORMIT\u00c9 Ce site web est partiellement accessible conform\u00e9ment au RD 1112\/2018 du [&hellip;]<\/p>\n","protected":false},"author":1,"featured_media":0,"parent":0,"menu_order":0,"comment_status":"closed","ping_status":"closed","template":"","meta":{"_et_pb_use_builder":"on","_et_pb_old_content":"","_et_gb_content_width":"","footnotes":""},"class_list":["post-1260","page","type-page","status-publish","hentry"],"_links":{"self":[{"href":"https:\/\/dcmfilms.com\/fr\/wp-json\/wp\/v2\/pages\/1260","targetHints":{"allow":["GET"]}}],"collection":[{"href":"https:\/\/dcmfilms.com\/fr\/wp-json\/wp\/v2\/pages"}],"about":[{"href":"https:\/\/dcmfilms.com\/fr\/wp-json\/wp\/v2\/types\/page"}],"author":[{"embeddable":true,"href":"https:\/\/dcmfilms.com\/fr\/wp-json\/wp\/v2\/users\/1"}],"replies":[{"embeddable":true,"href":"https:\/\/dcmfilms.com\/fr\/wp-json\/wp\/v2\/comments?post=1260"}],"version-history":[{"count":8,"href":"https:\/\/dcmfilms.com\/fr\/wp-json\/wp\/v2\/pages\/1260\/revisions"}],"predecessor-version":[{"id":2201,"href":"https:\/\/dcmfilms.com\/fr\/wp-json\/wp\/v2\/pages\/1260\/revisions\/2201"}],"wp:attachment":[{"href":"https:\/\/dcmfilms.com\/fr\/wp-json\/wp\/v2\/media?parent=1260"}],"curies":[{"name":"wp","href":"https:\/\/api.w.org\/{rel}","templated":true}]}}