{"id":1487,"date":"2023-07-17T13:04:28","date_gmt":"2023-07-17T11:04:28","guid":{"rendered":"http:\/\/dcmfilms.com\/producto\/filmcooking\/"},"modified":"2023-07-17T13:04:28","modified_gmt":"2023-07-17T11:04:28","slug":"filmcooking","status":"publish","type":"product","link":"https:\/\/dcmfilms.com\/fr\/producto\/filmcooking\/","title":{"rendered":"FilmCooking"},"content":{"rendered":"<p><strong>Cuisinez vos aliments \u00e0 la perfection avec FilmCooking<\/strong><\/p>\n<p><span style=\"font-weight: 400;\">Le traitement au laser et nos vannes brevet\u00e9es permettent la cuisson de vos aliments \u00e0 l&#8217;int\u00e9rieur du r\u00e9cipient.<\/span><\/p>\n","protected":false},"excerpt":{"rendered":"<div class=\"page\" title=\"Page 2\">\n<div class=\"section\">\n<div class=\"layoutArea\">\n<div class=\"column\">\n<p><strong>Perforation laser et valve brevet\u00e9e<\/strong><\/p>\n<\/div>\n<\/div>\n<\/div>\n<\/div>\n","protected":false},"featured_media":578,"comment_status":"open","ping_status":"closed","template":"","meta":{"_et_pb_use_builder":"on","_et_pb_old_content":"<strong>Cuisinez vos aliments \u00e0 la perfection avec FilmCooking<\/strong>\n\n<span style=\"font-weight: 400;\">Le traitement au laser et nos vannes brevet\u00e9es permettent la cuisson de vos aliments \u00e0 l'int\u00e9rieur du r\u00e9cipient.<\/span>","_et_gb_content_width":""},"product_cat":[42],"product_tag":[],"class_list":["post-1487","product","type-product","status-publish","has-post-thumbnail","hentry","product_cat-non-classifiee"],"_links":{"self":[{"href":"https:\/\/dcmfilms.com\/fr\/wp-json\/wp\/v2\/product\/1487","targetHints":{"allow":["GET"]}}],"collection":[{"href":"https:\/\/dcmfilms.com\/fr\/wp-json\/wp\/v2\/product"}],"about":[{"href":"https:\/\/dcmfilms.com\/fr\/wp-json\/wp\/v2\/types\/product"}],"replies":[{"embeddable":true,"href":"https:\/\/dcmfilms.com\/fr\/wp-json\/wp\/v2\/comments?post=1487"}],"wp:featuredmedia":[{"embeddable":true,"href":"https:\/\/dcmfilms.com\/fr\/wp-json\/wp\/v2\/media\/578"}],"wp:attachment":[{"href":"https:\/\/dcmfilms.com\/fr\/wp-json\/wp\/v2\/media?parent=1487"}],"wp:term":[{"taxonomy":"product_cat","embeddable":true,"href":"https:\/\/dcmfilms.com\/fr\/wp-json\/wp\/v2\/product_cat?post=1487"},{"taxonomy":"product_tag","embeddable":true,"href":"https:\/\/dcmfilms.com\/fr\/wp-json\/wp\/v2\/product_tag?post=1487"}],"curies":[{"name":"wp","href":"https:\/\/api.w.org\/{rel}","templated":true}]}}